{"id":219,"date":"2020-12-03T19:10:22","date_gmt":"2020-12-03T18:10:22","guid":{"rendered":"https:\/\/www.passiondietetique.be\/?page_id=219"},"modified":"2022-09-09T14:37:42","modified_gmt":"2022-09-09T12:37:42","slug":"pourquoi-consulter-un-e-dieteticien-ne","status":"publish","type":"page","link":"https:\/\/www.passiondietetique.be\/index.php\/contact\/pourquoi-consulter-un-e-dieteticien-ne\/","title":{"rendered":"Pourquoi consulter un.e di\u00e9t\u00e9ticien.ne?"},"content":{"rendered":"\n<p><a><strong>Pour qui&nbsp;?<\/strong><\/a><\/p>\n\n\n\n<p>Un certain nombre de situation peuvent vous inviter \u00e0 consulter un di\u00e9t\u00e9ticien&nbsp;:<\/p>\n\n\n\n<ul><li>Si l&rsquo;on veut tout simplement r\u00e9\u00e9quilibrer son alimentation ou s&rsquo;assurer qu&rsquo;elle est ad\u00e9quate,<\/li><li>Lorsqu&rsquo;on souhaite perdre du poids, faire un r\u00e9\u00e9quilibrage alimentaire,<\/li><li>Lorsque l\u2019on est sportif et selon ses objectifs\u00a0: performance, gain de muscle, perte de poids,<\/li><li>Lorsque l\u2019on est v\u00e9g\u00e9tarien ou vegan, pour apprendre \u00e0 \u00e9quilibrer son alimentation,<\/li><li>Lorsque l\u2019on est diab\u00e9tique, pour diminuer les prises de m\u00e9dicaments et r\u00e9duire la glyc\u00e9mie,<\/li><li>Lorsque l\u2019on souffre de troubles du comportement alimentaire (anorexie, boulimie, \u2026) en parall\u00e8le \u00e0 un suivi psychologique.<\/li><li>Lorsque l\u2019on prend certains traitements qui peuvent avoir une influence sur le poids (cortisone, hormonoth\u00e9rapie\u2026)<\/li><li>Apr\u00e8s une chirurgie bariatrique pour v\u00e9rifier ou adapter le profil nutritionnel<\/li><li>Lorsque l\u2019on est soign\u00e9 pour un cancer ; les traitements induisent des modification de l\u2019app\u00e9tit, du go\u00fbt, provoquent parfois des troubles que la di\u00e9t\u00e9tique permet d\u2019att\u00e9nuer voire de pr\u00e9venir.<\/li><li>Lorsque l\u2019on souffre de dyslipid\u00e9mie, maladies cardiovasculaires, etc.<\/li><li>Les femmes enceintes.<\/li><li>Les seniors et les personnes atteintes de cancer sujets \u00e0 la d\u00e9nutrition et \u00e0 la sarcop\u00e9nie.<\/li><\/ul>\n\n\n\n<p><a><strong>Quand consulter\u00a0?<\/strong><\/a><\/p>\n\n\n\n<p>Votre m\u00e9decin g\u00e9n\u00e9raliste peut vous adresser \u00e0 un di\u00e9t\u00e9ticien avec des consignes pr\u00e9cises de prise en charge, mais vous pouvez d\u00e9cider de le consulter de votre propre initiative.<\/p>\n\n\n\n<p>Il est important de savoir que l\u2019on peut se faire aider si on prend du poids et qu\u2019on en souffre mais \u00e9galement si on maigrit sans le vouloir, si l\u2019on se sent exag\u00e9r\u00e9ment fatigu\u00e9 en dehors de toute maladie car cela peut-\u00eatre le signe de carences ou que le simple fait de manger provoque des douleurs ou des troubles (douleurs abdominales, intestinales, remont\u00e9es acides douloureuses, diarrh\u00e9es et\/ou constipation persistantes).<\/p>\n\n\n\n<p><a><strong>Quels sont les r\u00e9gimes propos\u00e9s par une di\u00e9t\u00e9ticienne&nbsp;?<\/strong><\/a><\/p>\n\n\n\n<p>En r\u00e8gle g\u00e9n\u00e9rale et contrairement aux id\u00e9es re\u00e7ues, les di\u00e9t\u00e9ticiens ne donnent pas de \u00ab\u00a0r\u00e9gimes\u00a0\u00bb, ils aident \u00e0 proc\u00e9der \u00e0 des correctifs des habitudes alimentaires de leurs patients, on appelle \u00e7a un r\u00e9-\u00e9quilibrage. Le but est que les patients deviennent autonomes et comprennent les bases d\u2019une alimentation favorable \u00e0 une bonne sant\u00e9 afin de pouvoir, seuls et \u00e0 terme, \u00eatre acteurs de leur propre sant\u00e9.<\/p>\n\n\n\n<p>L\u2019int\u00e9r\u00eat de la formation du di\u00e9t\u00e9ticien est de lui permettre de s\u2019adapter aux pathologies et aux objectifs des patients. Tout le monde ne consulte pas pour&nbsp;<a href=\"https:\/\/www.journaldesfemmes.fr\/beaute\/forme-et-minceur\/2542594-regime-guide-complet-pour-perdre-du-poids\/\">perdre du poids<\/a>, on peut, en modifiant l\u2019alimentation att\u00e9nuer ou faire dispara\u00eetre certaines pathologies, certains sympt\u00f4mes comme la colopathie fonctionnelle qui peut vraiment \u00eatre am\u00e9lior\u00e9e par une faible consommation de certains aliments, plus connu sous le nom de low FODMAP, par exemple.<\/p>\n\n\n\n<p><a><strong>Quel remboursement&nbsp;?<\/strong><\/a><\/p>\n\n\n\n<p>Les consultations en di\u00e9t\u00e9tique ne sont pas rembours\u00e9es par la S\u00e9curit\u00e9 Sociale sauf pour certains trajets de soins li\u00e9s \u00e0 certaines maladies comme le diab\u00e8te. Elles sont, en revanche, prises en charge par les mutuelles selon des conditions variables. N\u2019h\u00e9sitez pas \u00e0 vous renseigner aupr\u00e8s de votre mutuelle pour de plus amples informations&nbsp;! G\u00e9n\u00e9ralement, il s\u2019agit d\u2019un simple document \u00e0 faire remplir par votre di\u00e9t\u00e9ticien.<\/p>\n\n\n\n<p><em>Source<\/em>&nbsp;: SPF Sant\u00e9 Publique, di\u00e9t\u00e9ticien profession param\u00e9dicale<\/p>\n","protected":false},"excerpt":{"rendered":"<p>Pour qui&nbsp;? Un certain nombre de situation peuvent vous inviter \u00e0 consulter un di\u00e9t\u00e9ticien&nbsp;: Si l&rsquo;on veut tout simplement r\u00e9\u00e9quilibrer son alimentation ou s&rsquo;assurer qu&rsquo;elle est ad\u00e9quate, Lorsqu&rsquo;on souhaite perdre du poids, faire un r\u00e9\u00e9quilibrage alimentaire, Lorsque l\u2019on est sportif et selon ses objectifs\u00a0: performance, gain de muscle, perte de poids, Lorsque l\u2019on est v\u00e9g\u00e9tarien &hellip; <\/p>\n<p class=\"link-more\"><a href=\"https:\/\/www.passiondietetique.be\/index.php\/contact\/pourquoi-consulter-un-e-dieteticien-ne\/\" class=\"more-link\">Continuer la lecture<span class=\"screen-reader-text\"> de &laquo;&nbsp;Pourquoi consulter un.e di\u00e9t\u00e9ticien.ne?&nbsp;&raquo;<\/span><\/a><\/p>\n","protected":false},"author":1,"featured_media":0,"parent":8,"menu_order":0,"comment_status":"closed","ping_status":"closed","template":"","meta":[],"_links":{"self":[{"href":"https:\/\/www.passiondietetique.be\/index.php\/wp-json\/wp\/v2\/pages\/219"}],"collection":[{"href":"https:\/\/www.passiondietetique.be\/index.php\/wp-json\/wp\/v2\/pages"}],"about":[{"href":"https:\/\/www.passiondietetique.be\/index.php\/wp-json\/wp\/v2\/types\/page"}],"author":[{"embeddable":true,"href":"https:\/\/www.passiondietetique.be\/index.php\/wp-json\/wp\/v2\/users\/1"}],"replies":[{"embeddable":true,"href":"https:\/\/www.passiondietetique.be\/index.php\/wp-json\/wp\/v2\/comments?post=219"}],"version-history":[{"count":4,"href":"https:\/\/www.passiondietetique.be\/index.php\/wp-json\/wp\/v2\/pages\/219\/revisions"}],"predecessor-version":[{"id":273,"href":"https:\/\/www.passiondietetique.be\/index.php\/wp-json\/wp\/v2\/pages\/219\/revisions\/273"}],"up":[{"embeddable":true,"href":"https:\/\/www.passiondietetique.be\/index.php\/wp-json\/wp\/v2\/pages\/8"}],"wp:attachment":[{"href":"https:\/\/www.passiondietetique.be\/index.php\/wp-json\/wp\/v2\/media?parent=219"}],"curies":[{"name":"wp","href":"https:\/\/api.w.org\/{rel}","templated":true}]}}