{"id":247,"date":"2022-02-14T09:43:56","date_gmt":"2022-02-14T08:43:56","guid":{"rendered":"https:\/\/www.passiondietetique.be\/?page_id=247"},"modified":"2025-06-04T15:02:15","modified_gmt":"2025-06-04T13:02:15","slug":"combien-coute-les-consultations","status":"publish","type":"page","link":"https:\/\/www.passiondietetique.be\/index.php\/contact\/combien-coute-les-consultations\/","title":{"rendered":"Combien co\u00fbtent les consultations ?"},"content":{"rendered":"\n<p>La premi\u00e8re consultation dure en moyenne 1h10 et co\u00fbte <strong>70 euros<\/strong>.<\/p>\n\n\n\n<p>La deuxi\u00e8me consultation et les suivantes durent en moyenne 35min et co\u00fbtent <strong>40 euros<\/strong>. <\/p>\n\n\n\n<p>La plupart des mutuelles remboursent les consultations \u00e0 hauteur de 10-20 euros par consultation, ce qui n&rsquo;est pas n\u00e9gligeable. N&rsquo;h\u00e9sitez pas \u00e0 contacter votre mutuelle pour connaitre les modalit\u00e9s de remboursement (documents \u00e0 emporter avec vous lors de \u00e0 faire remplir par la di\u00e9t\u00e9ticienne, etc.)  <\/p>\n\n\n\n<p class=\"has-vivid-red-color has-text-color\"><span style=\"text-decoration: underline;\">ATTENTION<\/span> : <\/p>\n\n\n\n<p class=\"has-black-color has-text-color\">Tout rendez-vous non annul\u00e9 <strong>minimum 24h<\/strong> \u00e0 l&rsquo;avance sera factur\u00e9 \u00e0 hauteur de 20 euros. Une tol\u00e9rance \u00ab\u00a0impr\u00e9vu\u00a0\u00bb est \u00e9videment appliqu\u00e9e pour le premier rendez-vous annul\u00e9 dans le temps imparti. <\/p>\n\n\n\n<p>Tout rendez-vous non-respect\u00e9 ou annul\u00e9 le jour-m\u00eame sera factur\u00e9 dans sa totalit\u00e9.<\/p>\n\n\n\n<p>En effet, les rendez-vous non-resp\u00e9ct\u00e9s entrainent une perte pour le th\u00e9rapeute et emp\u00eachent l&rsquo;acc\u00e8s \u00e0 la consultation aux autres patients \u00e0 qui on aurait pu proposer la place lib\u00e9r\u00e9e. <\/p>\n","protected":false},"excerpt":{"rendered":"<p>La premi\u00e8re consultation dure en moyenne 1h10 et co\u00fbte 70 euros. La deuxi\u00e8me consultation et les suivantes durent en moyenne 35min et co\u00fbtent 40 euros. La plupart des mutuelles remboursent les consultations \u00e0 hauteur de 10-20 euros par consultation, ce qui n&rsquo;est pas n\u00e9gligeable. N&rsquo;h\u00e9sitez pas \u00e0 contacter votre mutuelle pour connaitre les modalit\u00e9s de &hellip; <\/p>\n<p class=\"link-more\"><a href=\"https:\/\/www.passiondietetique.be\/index.php\/contact\/combien-coute-les-consultations\/\" class=\"more-link\">Continuer la lecture<span class=\"screen-reader-text\"> de &laquo;&nbsp;Combien co\u00fbtent les consultations ?&nbsp;&raquo;<\/span><\/a><\/p>\n","protected":false},"author":1,"featured_media":0,"parent":8,"menu_order":0,"comment_status":"closed","ping_status":"closed","template":"","meta":[],"_links":{"self":[{"href":"https:\/\/www.passiondietetique.be\/index.php\/wp-json\/wp\/v2\/pages\/247"}],"collection":[{"href":"https:\/\/www.passiondietetique.be\/index.php\/wp-json\/wp\/v2\/pages"}],"about":[{"href":"https:\/\/www.passiondietetique.be\/index.php\/wp-json\/wp\/v2\/types\/page"}],"author":[{"embeddable":true,"href":"https:\/\/www.passiondietetique.be\/index.php\/wp-json\/wp\/v2\/users\/1"}],"replies":[{"embeddable":true,"href":"https:\/\/www.passiondietetique.be\/index.php\/wp-json\/wp\/v2\/comments?post=247"}],"version-history":[{"count":4,"href":"https:\/\/www.passiondietetique.be\/index.php\/wp-json\/wp\/v2\/pages\/247\/revisions"}],"predecessor-version":[{"id":301,"href":"https:\/\/www.passiondietetique.be\/index.php\/wp-json\/wp\/v2\/pages\/247\/revisions\/301"}],"up":[{"embeddable":true,"href":"https:\/\/www.passiondietetique.be\/index.php\/wp-json\/wp\/v2\/pages\/8"}],"wp:attachment":[{"href":"https:\/\/www.passiondietetique.be\/index.php\/wp-json\/wp\/v2\/media?parent=247"}],"curies":[{"name":"wp","href":"https:\/\/api.w.org\/{rel}","templated":true}]}}